{"id":1194,"date":"2023-05-16T21:26:49","date_gmt":"2023-05-16T21:26:49","guid":{"rendered":"https:\/\/wortickets.cirius.dev.br\/?page_id=1194"},"modified":"2023-05-16T21:29:20","modified_gmt":"2023-05-16T21:29:20","slug":"criar-conta","status":"publish","type":"page","link":"https:\/\/camaradealagoinhas.ba.gov.br\/fale-conosco\/criar-conta\/","title":{"rendered":"Criar Conta"},"content":{"rendered":"\t\t<div data-elementor-type=\"wp-page\" data-elementor-id=\"1194\" class=\"elementor elementor-1194\" data-elementor-post-type=\"page\">\n\t\t\t\t<div class=\"elementor-element elementor-element-f03b4ad e-flex e-con-boxed e-con e-parent\" data-id=\"f03b4ad\" data-element_type=\"container\" data-settings=\"{&quot;background_background&quot;:&quot;classic&quot;}\">\n\t\t\t\t\t<div class=\"e-con-inner\">\n\t\t\t\t<div class=\"elementor-element elementor-element-62beec7 elementor-widget elementor-widget-heading\" data-id=\"62beec7\" data-element_type=\"widget\" data-widget_type=\"heading.default\">\n\t\t\t\t<div class=\"elementor-widget-container\">\n\t\t\t<style>\/*! elementor - v3.21.0 - 26-05-2024 *\/\n.elementor-heading-title{padding:0;margin:0;line-height:1}.elementor-widget-heading .elementor-heading-title[class*=elementor-size-]>a{color:inherit;font-size:inherit;line-height:inherit}.elementor-widget-heading .elementor-heading-title.elementor-size-small{font-size:15px}.elementor-widget-heading .elementor-heading-title.elementor-size-medium{font-size:19px}.elementor-widget-heading .elementor-heading-title.elementor-size-large{font-size:29px}.elementor-widget-heading .elementor-heading-title.elementor-size-xl{font-size:39px}.elementor-widget-heading .elementor-heading-title.elementor-size-xxl{font-size:59px}<\/style><h2 class=\"elementor-heading-title elementor-size-default\">Criar Conta<\/h2>\t\t<\/div>\n\t\t\t\t<\/div>\n\t\t\t\t<div class=\"elementor-element elementor-element-4f1337b elementor-widget__width-initial elementor-widget elementor-widget-jet-form-builder-form\" data-id=\"4f1337b\" data-element_type=\"widget\" data-widget_type=\"jet-form-builder-form.default\">\n\t\t\t\t<div class=\"elementor-widget-container\">\n\t\t\t<link rel='stylesheet' id='wp-block-library-css' href='https:\/\/camaradealagoinhas.ba.gov.br\/fale-conosco\/wp-includes\/css\/dist\/block-library\/style.min.css?ver=6.9.4' media='all' \/>\n<style id=\"jet-form-builder-330-inline-css\"><\/style><form  class=\"jet-form-builder layout-column submit-type-reload\" action=\"https:\/\/camaradealagoinhas.ba.gov.br\/fale-conosco\/wp-json\/wp\/v2\/pages\/1194\/?jet_form_builder_submit=submit&amp;method=reload\" method=\"POST\" data-form-id=\"330\" data-layout=\"column\" enctype=\"multipart\/form-data\" novalidate=\"null\">\r\n<input type=\"hidden\" name=\"_jfb_current_render_states[]\" value=\"DEFAULT.STATE\" data-jfb-sync \/><input type=\"hidden\" class=\"jet-form-builder__field hidden-field\" name=\"_jet_engine_booking_form_id\" data-field-name=\"_jet_engine_booking_form_id\" value=\"330\">\n<input type=\"hidden\" class=\"jet-form-builder__field hidden-field\" name=\"_jet_engine_refer\" data-field-name=\"_jet_engine_refer\" value=\"https:\/\/camaradealagoinhas.ba.gov.br\/fale-conosco\/wp-json\/wp\/v2\/pages\/1194\/\">\n<input type=\"hidden\" class=\"jet-form-builder__field hidden-field\" name=\"__queried_post_id\" data-field-name=\"__queried_post_id\" value=\"1194\">\n\n<p><\/p>\n\n\n\n<div class=\"wp-block-columns is-layout-flex wp-container-core-columns-is-layout-9d6595d7 wp-block-columns-is-layout-flex\">\n<div class=\"wp-block-column is-layout-flow wp-block-column-is-layout-flow\"><div  class=\"jet-form-builder-row field-type-text-field\" >\n<div class=\"jet-form-builder__label\">\r\n<div class=\"jet-form-builder__label-text\">Nome<\/div><\/div><div class=\"jet-form-builder__field-wrap\">\n\t<input placeholder=\"Ex: Paulo\" name=\"nome\" id=\"nome\" type=\"text\" data-field-name=\"nome\" class=\"jet-form-builder__field text-field\" data-jfb-sync=\"null\">\n<\/div><div class=\"jet-form-builder__desc\"><small>Insira seu nome<\/small><\/div>\n<\/div><\/div>\n\n\n\n<div class=\"wp-block-column is-layout-flow wp-block-column-is-layout-flow\"><div  class=\"jet-form-builder-row field-type-text-field\" >\n<div class=\"jet-form-builder__label\">\r\n<div class=\"jet-form-builder__label-text\">Sobrenome<\/div><\/div><div class=\"jet-form-builder__field-wrap\">\n\t<input placeholder=\"Ex: Silva\" name=\"sobrenome\" id=\"sobrenome\" type=\"text\" data-field-name=\"sobrenome\" class=\"jet-form-builder__field text-field\" data-jfb-sync=\"null\">\n<\/div><div class=\"jet-form-builder__desc\"><small>Insira seu sobrenome<\/small><\/div>\n<\/div><\/div>\n<\/div>\n\n\n\n<div class=\"wp-block-columns is-layout-flex wp-container-core-columns-is-layout-9d6595d7 wp-block-columns-is-layout-flex\">\n<div class=\"wp-block-column is-layout-flow wp-block-column-is-layout-flow\"><div  class=\"jet-form-builder-row field-type-text-field\" >\n<div class=\"jet-form-builder__label\">\r\n<div class=\"jet-form-builder__label-text\">CPF<\/div><\/div><div class=\"jet-form-builder__field-wrap\">\n\t<input placeholder=\"000.000.000-00\" name=\"cpf\" id=\"cpf\" type=\"text\" data-field-name=\"cpf\" class=\"jet-form-builder__field text-field jet-form-builder__masked-field\" data-jfb-sync=\"null\" data-inputmask=\"&#039;mask&#039;: &#039;999.999.999-99&#039;\" data-inputmask-placeholder=\"_\" data-inputmask-showmaskonhover=\"false\">\n<\/div><div class=\"jet-form-builder__desc\"><small>Insira seu CPF<\/small><\/div>\n<\/div><\/div>\n\n\n\n<div class=\"wp-block-column is-layout-flow wp-block-column-is-layout-flow\"><div  class=\"jet-form-builder-row field-type-text-field\" >\n<div class=\"jet-form-builder__label\">\r\n<div class=\"jet-form-builder__label-text\">Usu\u00e1rio<\/div><\/div><div class=\"jet-form-builder__field-wrap\">\n\t<input placeholder=\"Ex: paulosilva\" name=\"usuario\" id=\"usuario\" type=\"text\" data-field-name=\"usuario\" class=\"jet-form-builder__field text-field\" data-jfb-sync=\"null\">\n<\/div><div class=\"jet-form-builder__desc\"><small>Insira o nome de usu\u00e1rio escolhido<\/small><\/div>\n<\/div><\/div>\n<\/div>\n\n\n\n<div class=\"wp-block-columns is-layout-flex wp-container-core-columns-is-layout-9d6595d7 wp-block-columns-is-layout-flex\">\n<div class=\"wp-block-column is-layout-flow wp-block-column-is-layout-flow\"><div  class=\"jet-form-builder-row field-type-text-field\" >\n<div class=\"jet-form-builder__label\">\r\n<div class=\"jet-form-builder__label-text\">E-mail<\/div><\/div><div class=\"jet-form-builder__field-wrap\">\n\t<input placeholder=\"Ex: contato@gmail.com\" name=\"Email\" id=\"Email\" type=\"email\" data-field-name=\"Email\" class=\"jet-form-builder__field text-field\" data-jfb-sync=\"null\">\n<\/div><div class=\"jet-form-builder__desc\"><small>Insira seu e-mail<\/small><\/div>\n<\/div><\/div>\n\n\n\n<div class=\"wp-block-column is-layout-flow wp-block-column-is-layout-flow\"><div  class=\"jet-form-builder-row field-type-text-field\" >\n<div class=\"jet-form-builder__label\">\r\n<div class=\"jet-form-builder__label-text\">Senha<\/div><\/div><div class=\"jet-form-builder__field-wrap\">\n\t<input placeholder=\"Digite uma senha\" name=\"senha\" id=\"senha\" type=\"password\" data-field-name=\"senha\" class=\"jet-form-builder__field text-field\" data-jfb-sync=\"null\">\n<\/div><div class=\"jet-form-builder__desc\"><small>Insira uma senha segura<\/small><\/div>\n<\/div><\/div>\n<\/div>\n\n\n<div  class=\"jet-form-builder-row field-type-text-field\" >\n<div class=\"jet-form-builder__label\">\r\n<div class=\"jet-form-builder__label-text\">Whatsapp<\/div><\/div><div class=\"jet-form-builder__field-wrap\">\n\t<input placeholder=\"(00) 0 0000-0000\" name=\"whatsapp\" id=\"whatsapp\" type=\"text\" data-field-name=\"whatsapp\" class=\"jet-form-builder__field text-field jet-form-builder__masked-field\" data-jfb-sync=\"null\" data-inputmask=\"&#039;mask&#039;: &#039;(99) 9 9999-9999&#039;\" data-inputmask-placeholder=\"_\" data-inputmask-showmaskonhover=\"false\">\n<\/div><div class=\"jet-form-builder__desc\"><small>Insira seu n\u00famero do whatsapp<\/small><\/div>\n<\/div>\n\n<div  class=\"jet-form-builder-row field-type-submit-field\" >\n\t<div data-type=\"submit\" class=\"jet-form-builder__action-button-wrapper jet-form-builder__submit-wrap\">\n\t<button class=\"jet-form-builder__action-button jet-form-builder__submit submit-type-reload\" type=\"submit\">Cadastrar<\/button>\n\t<\/div>\n\t\n<\/div>\n\n\n<input type=\"hidden\" class=\"jet-form-builder__field hidden-field\" name=\"status_user\" data-field-name=\"status_user\" data-jfb-sync=\"null\" value=\"true\">\n\n\n\n\n<input type=\"hidden\" class=\"jet-form-builder__field hidden-field\" name=\"site_name\" data-field-name=\"site_name\" data-jfb-sync=\"null\" value=\"Fale Conosco\">\n\n\n\n\n<input type=\"hidden\" class=\"jet-form-builder__field hidden-field\" name=\"url_site\" data-field-name=\"url_site\" data-jfb-sync=\"null\" value=\"https:\/\/camaradealagoinhas.ba.gov.br\">\n\n\n\n\n<input type=\"hidden\" class=\"jet-form-builder__field hidden-field\" name=\"admin_mail\" data-field-name=\"admin_mail\" data-jfb-sync=\"null\" value=\"optadevelop@gmail.com\">\n\n\n\n\n<input type=\"hidden\" class=\"jet-form-builder__field hidden-field\" name=\"sender_mail\" data-field-name=\"sender_mail\" data-jfb-sync=\"null\" value=\"optadevelop@gmail.com\">\n\n\t<div class=\"jet-form-builder-messages-wrap\" data-form-id=\"330\"><\/div>\n<\/form>\n\t\t<\/div>\n\t\t\t\t<\/div>\n\t\t\t\t\t<\/div>\n\t\t\t\t<\/div>\n\t\t\t\t<\/div>\n\t\t","protected":false},"excerpt":{"rendered":"<p>Criar Conta Nome Insira seu nome Sobrenome Insira seu sobrenome CPF Insira seu CPF Usu\u00e1rio Insira o nome de usu\u00e1rio escolhido Email Insira sua senha Senha Insira uma senha com at\u00e9 12 digitos. Whatsapp Insira seu n\u00famero do whatsapp Cadastrar<\/p>\n","protected":false},"author":27,"featured_media":0,"parent":0,"menu_order":0,"comment_status":"closed","ping_status":"closed","template":"","meta":{"footnotes":""},"class_list":["post-1194","page","type-page","status-publish","hentry"],"_links":{"self":[{"href":"https:\/\/camaradealagoinhas.ba.gov.br\/fale-conosco\/wp-json\/wp\/v2\/pages\/1194","targetHints":{"allow":["GET"]}}],"collection":[{"href":"https:\/\/camaradealagoinhas.ba.gov.br\/fale-conosco\/wp-json\/wp\/v2\/pages"}],"about":[{"href":"https:\/\/camaradealagoinhas.ba.gov.br\/fale-conosco\/wp-json\/wp\/v2\/types\/page"}],"author":[{"embeddable":true,"href":"https:\/\/camaradealagoinhas.ba.gov.br\/fale-conosco\/wp-json\/wp\/v2\/users\/27"}],"replies":[{"embeddable":true,"href":"https:\/\/camaradealagoinhas.ba.gov.br\/fale-conosco\/wp-json\/wp\/v2\/comments?post=1194"}],"version-history":[{"count":3,"href":"https:\/\/camaradealagoinhas.ba.gov.br\/fale-conosco\/wp-json\/wp\/v2\/pages\/1194\/revisions"}],"predecessor-version":[{"id":1205,"href":"https:\/\/camaradealagoinhas.ba.gov.br\/fale-conosco\/wp-json\/wp\/v2\/pages\/1194\/revisions\/1205"}],"wp:attachment":[{"href":"https:\/\/camaradealagoinhas.ba.gov.br\/fale-conosco\/wp-json\/wp\/v2\/media?parent=1194"}],"curies":[{"name":"wp","href":"https:\/\/api.w.org\/{rel}","templated":true}]}}